{"id":259653,"date":"2025-01-20T12:06:13","date_gmt":"2025-01-20T12:06:13","guid":{"rendered":"https:\/\/naki.pt\/?post_type=product&#038;p=259653"},"modified":"2026-02-09T12:41:59","modified_gmt":"2026-02-09T12:41:59","slug":"coleira-nairobi","status":"publish","type":"product","link":"https:\/\/naki.pt\/en\/loja\/coleiras\/coleira-nairobi\/","title":{"rendered":"Nairobi Collar"},"content":{"rendered":"<p>NAIROBI \u00e9 a capital do Qu\u00e9nia e esta \u00e9 a coleira simples da nossa cole\u00e7\u00e3o.<\/p>\n<p>It&#039;s made of natural leather. The advantage? It&#039;s the exact same material as all our other collars and leashes! It can be used with a basic collar for a classic and elegant look, or easily paired with any of our beaded leashes.<\/p>\n<p>This collar is for all those who know that sometimes less is more and when you have a good basic, it&#039;s worth more than anything else!<\/p>\n<p>Sizes from S to L.<\/p>","protected":false},"excerpt":{"rendered":"<p>A coleira NAIROBI \u00e9 o acess\u00f3rio com mais classe que tu procuras!<\/p>\n<p>All materials used are of high quality and guarantee maximum comfort and style.<\/p>","protected":false},"featured_media":260159,"comment_status":"open","ping_status":"closed","template":"","meta":{"_et_pb_use_builder":"","_et_pb_old_content":"","_et_gb_content_width":""},"product_brand":[],"product_cat":[36],"product_tag":[],"class_list":{"0":"post-259653","1":"product","2":"type-product","3":"status-publish","4":"has-post-thumbnail","6":"product_cat-coleiras","7":"product_shipping_class-caixa-leve","9":"first","10":"instock","11":"taxable","12":"shipping-taxable","13":"purchasable","14":"product-type-variable"},"yoast_head":"<!-- This site is optimized with the Yoast SEO plugin v27.3 - https:\/\/yoast.com\/product\/yoast-seo-wordpress\/ -->\n<title>home - Unique, Handcrafted Dog Collars &amp; Leashes<\/title>\n<meta name=\"robots\" content=\"index, follow, max-snippet:-1, max-image-preview:large, max-video-preview:-1\" \/>\n<link rel=\"canonical\" href=\"https:\/\/naki.pt\/en\/loja\/coleiras\/coleira-nairobi\/\" \/>\n<meta property=\"og:locale\" content=\"en_GB\" \/>\n<meta property=\"og:type\" content=\"article\" \/>\n<meta property=\"og:title\" content=\"Coleira Nairobi - Naki\" \/>\n<meta property=\"og:description\" content=\"A coleira NAIROBI \u00e9 o acess\u00f3rio com mais classe que tu procuras!  Todos os materiais utilizados s\u00e3o de qualidade e garantem o m\u00e1ximo conforto e estilo.\" \/>\n<meta property=\"og:url\" content=\"https:\/\/naki.pt\/en\/loja\/coleiras\/coleira-nairobi\/\" \/>\n<meta property=\"og:site_name\" content=\"Naki\" \/>\n<meta property=\"article:publisher\" content=\"https:\/\/www.facebook.com\/share\/171zBr92E7\/\" \/>\n<meta property=\"article:modified_time\" content=\"2026-02-09T12:41:59+00:00\" \/>\n<meta property=\"og:image\" content=\"https:\/\/naki.pt\/wp-content\/uploads\/2026\/02\/9.webp\" \/>\n\t<meta property=\"og:image:width\" content=\"2000\" \/>\n\t<meta property=\"og:image:height\" content=\"2000\" \/>\n\t<meta property=\"og:image:type\" content=\"image\/webp\" \/>\n<meta name=\"twitter:card\" content=\"summary_large_image\" \/>\n<meta name=\"twitter:label1\" content=\"Estimated reading time\" \/>\n\t<meta name=\"twitter:data1\" content=\"1 minute\" \/>\n<script type=\"application\/ld+json\" class=\"yoast-schema-graph\">{\"@context\":\"https:\\\/\\\/schema.org\",\"@graph\":[{\"@type\":\"WebPage\",\"@id\":\"https:\\\/\\\/naki.pt\\\/loja\\\/coleiras\\\/coleira-nairobi\\\/\",\"url\":\"https:\\\/\\\/naki.pt\\\/loja\\\/coleiras\\\/coleira-nairobi\\\/\",\"name\":\"Coleira Nairobi - Naki\",\"isPartOf\":{\"@id\":\"https:\\\/\\\/naki.pt\\\/#website\"},\"primaryImageOfPage\":{\"@id\":\"https:\\\/\\\/naki.pt\\\/loja\\\/coleiras\\\/coleira-nairobi\\\/#primaryimage\"},\"image\":{\"@id\":\"https:\\\/\\\/naki.pt\\\/loja\\\/coleiras\\\/coleira-nairobi\\\/#primaryimage\"},\"thumbnailUrl\":\"https:\\\/\\\/naki.pt\\\/wp-content\\\/uploads\\\/2026\\\/02\\\/9.webp\",\"datePublished\":\"2025-01-20T12:06:13+00:00\",\"dateModified\":\"2026-02-09T12:41:59+00:00\",\"breadcrumb\":{\"@id\":\"https:\\\/\\\/naki.pt\\\/loja\\\/coleiras\\\/coleira-nairobi\\\/#breadcrumb\"},\"inLanguage\":\"en-GB\",\"potentialAction\":[{\"@type\":\"ReadAction\",\"target\":[\"https:\\\/\\\/naki.pt\\\/loja\\\/coleiras\\\/coleira-nairobi\\\/\"]}]},{\"@type\":\"ImageObject\",\"inLanguage\":\"en-GB\",\"@id\":\"https:\\\/\\\/naki.pt\\\/loja\\\/coleiras\\\/coleira-nairobi\\\/#primaryimage\",\"url\":\"https:\\\/\\\/naki.pt\\\/wp-content\\\/uploads\\\/2026\\\/02\\\/9.webp\",\"contentUrl\":\"https:\\\/\\\/naki.pt\\\/wp-content\\\/uploads\\\/2026\\\/02\\\/9.webp\",\"width\":2000,\"height\":2000},{\"@type\":\"BreadcrumbList\",\"@id\":\"https:\\\/\\\/naki.pt\\\/loja\\\/coleiras\\\/coleira-nairobi\\\/#breadcrumb\",\"itemListElement\":[{\"@type\":\"ListItem\",\"position\":1,\"name\":\"In\u00edcio\",\"item\":\"https:\\\/\\\/naki.pt\\\/\"},{\"@type\":\"ListItem\",\"position\":2,\"name\":\"COMPRAR\",\"item\":\"https:\\\/\\\/naki.pt\\\/loja\\\/\"},{\"@type\":\"ListItem\",\"position\":3,\"name\":\"Coleira Nairobi\"}]},{\"@type\":\"WebSite\",\"@id\":\"https:\\\/\\\/naki.pt\\\/#website\",\"url\":\"https:\\\/\\\/naki.pt\\\/\",\"name\":\"Coleiras artesanais de couro genu\u00edno e missangas de cer\u00e2mica produzidas pelas Mama Maasai, do Qu\u00e9nia.\",\"description\":\"Unique, Handcrafted Dog Collars &amp; Leashes\",\"publisher\":{\"@id\":\"https:\\\/\\\/naki.pt\\\/#organization\"},\"alternateName\":\"Handmade genuine leather collars and ceramic beads produced by the Mama Maasai women of Kenya.\",\"potentialAction\":[{\"@type\":\"SearchAction\",\"target\":{\"@type\":\"EntryPoint\",\"urlTemplate\":\"https:\\\/\\\/naki.pt\\\/?s={search_term_string}\"},\"query-input\":{\"@type\":\"PropertyValueSpecification\",\"valueRequired\":true,\"valueName\":\"search_term_string\"}}],\"inLanguage\":\"en-GB\"},{\"@type\":\"Organization\",\"@id\":\"https:\\\/\\\/naki.pt\\\/#organization\",\"name\":\"Naki Handmade\",\"alternateName\":\"Naki\",\"url\":\"https:\\\/\\\/naki.pt\\\/\",\"logo\":{\"@type\":\"ImageObject\",\"inLanguage\":\"en-GB\",\"@id\":\"https:\\\/\\\/naki.pt\\\/#\\\/schema\\\/logo\\\/image\\\/\",\"url\":\"https:\\\/\\\/naki.pt\\\/wp-content\\\/uploads\\\/2024\\\/02\\\/logo.jpg\",\"contentUrl\":\"https:\\\/\\\/naki.pt\\\/wp-content\\\/uploads\\\/2024\\\/02\\\/logo.jpg\",\"width\":93,\"height\":121,\"caption\":\"Naki Handmade\"},\"image\":{\"@id\":\"https:\\\/\\\/naki.pt\\\/#\\\/schema\\\/logo\\\/image\\\/\"},\"sameAs\":[\"https:\\\/\\\/www.facebook.com\\\/share\\\/171zBr92E7\\\/\",\"https:\\\/\\\/www.instagram.com\\\/itsnaki.pt\",\"https:\\\/\\\/pt.pinterest.com\\\/nakihandmade\"]}]}<\/script>\n<!-- \/ Yoast SEO plugin. -->","yoast_head_json":{"title":"home - Unique, Handcrafted Dog Collars &amp; Leashes","robots":{"index":"index","follow":"follow","max-snippet":"max-snippet:-1","max-image-preview":"max-image-preview:large","max-video-preview":"max-video-preview:-1"},"canonical":"https:\/\/naki.pt\/en\/loja\/coleiras\/coleira-nairobi\/","og_locale":"en_GB","og_type":"article","og_title":"Coleira Nairobi - Naki","og_description":"A coleira NAIROBI \u00e9 o acess\u00f3rio com mais classe que tu procuras!  Todos os materiais utilizados s\u00e3o de qualidade e garantem o m\u00e1ximo conforto e estilo.","og_url":"https:\/\/naki.pt\/en\/loja\/coleiras\/coleira-nairobi\/","og_site_name":"Naki","article_publisher":"https:\/\/www.facebook.com\/share\/171zBr92E7\/","article_modified_time":"2026-02-09T12:41:59+00:00","og_image":[{"width":2000,"height":2000,"url":"https:\/\/naki.pt\/wp-content\/uploads\/2026\/02\/9.webp","type":"image\/webp"}],"twitter_card":"summary_large_image","twitter_misc":{"Estimated reading time":"1 minute"},"schema":{"@context":"https:\/\/schema.org","@graph":[{"@type":"WebPage","@id":"https:\/\/naki.pt\/loja\/coleiras\/coleira-nairobi\/","url":"https:\/\/naki.pt\/loja\/coleiras\/coleira-nairobi\/","name":"Coleira Nairobi - Naki","isPartOf":{"@id":"https:\/\/naki.pt\/#website"},"primaryImageOfPage":{"@id":"https:\/\/naki.pt\/loja\/coleiras\/coleira-nairobi\/#primaryimage"},"image":{"@id":"https:\/\/naki.pt\/loja\/coleiras\/coleira-nairobi\/#primaryimage"},"thumbnailUrl":"https:\/\/naki.pt\/wp-content\/uploads\/2026\/02\/9.webp","datePublished":"2025-01-20T12:06:13+00:00","dateModified":"2026-02-09T12:41:59+00:00","breadcrumb":{"@id":"https:\/\/naki.pt\/loja\/coleiras\/coleira-nairobi\/#breadcrumb"},"inLanguage":"en-GB","potentialAction":[{"@type":"ReadAction","target":["https:\/\/naki.pt\/loja\/coleiras\/coleira-nairobi\/"]}]},{"@type":"ImageObject","inLanguage":"en-GB","@id":"https:\/\/naki.pt\/loja\/coleiras\/coleira-nairobi\/#primaryimage","url":"https:\/\/naki.pt\/wp-content\/uploads\/2026\/02\/9.webp","contentUrl":"https:\/\/naki.pt\/wp-content\/uploads\/2026\/02\/9.webp","width":2000,"height":2000},{"@type":"BreadcrumbList","@id":"https:\/\/naki.pt\/loja\/coleiras\/coleira-nairobi\/#breadcrumb","itemListElement":[{"@type":"ListItem","position":1,"name":"In\u00edcio","item":"https:\/\/naki.pt\/"},{"@type":"ListItem","position":2,"name":"COMPRAR","item":"https:\/\/naki.pt\/loja\/"},{"@type":"ListItem","position":3,"name":"Coleira Nairobi"}]},{"@type":"WebSite","@id":"https:\/\/naki.pt\/#website","url":"https:\/\/naki.pt\/","name":"Handmade collars made of genuine leather and ceramic beads made by the Mama Maasai of Kenya.","description":"Unique, Handcrafted Dog Collars &amp; Leashes","publisher":{"@id":"https:\/\/naki.pt\/#organization"},"alternateName":"Handmade genuine leather collars and ceramic beads produced by the Mama Maasai women of Kenya.","potentialAction":[{"@type":"SearchAction","target":{"@type":"EntryPoint","urlTemplate":"https:\/\/naki.pt\/?s={search_term_string}"},"query-input":{"@type":"PropertyValueSpecification","valueRequired":true,"valueName":"search_term_string"}}],"inLanguage":"en-GB"},{"@type":"Organization","@id":"https:\/\/naki.pt\/#organization","name":"Naki Handmade","alternateName":"Naki","url":"https:\/\/naki.pt\/","logo":{"@type":"ImageObject","inLanguage":"en-GB","@id":"https:\/\/naki.pt\/#\/schema\/logo\/image\/","url":"https:\/\/naki.pt\/wp-content\/uploads\/2024\/02\/logo.jpg","contentUrl":"https:\/\/naki.pt\/wp-content\/uploads\/2024\/02\/logo.jpg","width":93,"height":121,"caption":"Naki Handmade"},"image":{"@id":"https:\/\/naki.pt\/#\/schema\/logo\/image\/"},"sameAs":["https:\/\/www.facebook.com\/share\/171zBr92E7\/","https:\/\/www.instagram.com\/itsnaki.pt","https:\/\/pt.pinterest.com\/nakihandmade"]}]}},"_links":{"self":[{"href":"https:\/\/naki.pt\/en\/wp-json\/wp\/v2\/product\/259653","targetHints":{"allow":["GET"]}}],"collection":[{"href":"https:\/\/naki.pt\/en\/wp-json\/wp\/v2\/product"}],"about":[{"href":"https:\/\/naki.pt\/en\/wp-json\/wp\/v2\/types\/product"}],"replies":[{"embeddable":true,"href":"https:\/\/naki.pt\/en\/wp-json\/wp\/v2\/comments?post=259653"}],"wp:featuredmedia":[{"embeddable":true,"href":"https:\/\/naki.pt\/en\/wp-json\/wp\/v2\/media\/260159"}],"wp:attachment":[{"href":"https:\/\/naki.pt\/en\/wp-json\/wp\/v2\/media?parent=259653"}],"wp:term":[{"taxonomy":"product_brand","embeddable":true,"href":"https:\/\/naki.pt\/en\/wp-json\/wp\/v2\/product_brand?post=259653"},{"taxonomy":"product_cat","embeddable":true,"href":"https:\/\/naki.pt\/en\/wp-json\/wp\/v2\/product_cat?post=259653"},{"taxonomy":"product_tag","embeddable":true,"href":"https:\/\/naki.pt\/en\/wp-json\/wp\/v2\/product_tag?post=259653"}],"curies":[{"name":"wp","href":"https:\/\/api.w.org\/{rel}","templated":true}]}}