{"id":256770,"date":"2024-03-31T11:36:16","date_gmt":"2024-03-31T10:36:16","guid":{"rendered":"http:\/\/naki.pt\/?post_type=product&#038;p=256770"},"modified":"2026-02-09T12:39:00","modified_gmt":"2026-02-09T12:39:00","slug":"coleira-rafiki","status":"publish","type":"product","link":"https:\/\/naki.pt\/en\/loja\/coleiras\/coleira-rafiki\/","title":{"rendered":"Rafiki Collar"},"content":{"rendered":"<p>RAFIKI means Friend in Kenya. With a RAFIKI collar we hope that Naki will make you as happy as friends do and that you will have a great time!<\/p>\n<p>Todos os produtos s\u00e3o produzidos, cuidadosamente, no Qu\u00e9nia, por uma comunidade de artes\u00e3os Maasai, com couro de qualidade e missangas de cer\u00e2mica. Os detalhes importam e cada pe\u00e7a \u00e9 feita 100% \u00e0 m\u00e3o, desde o corte do couro a cada uma da missangas, passando pelas ferragens. Os produtos Naki s\u00e3o o resultado de uma combina\u00e7\u00e3o de cultura, qualidade, conforto e estilo!<\/p>\n<p>Sizes from XS to XXL.<\/p>","protected":false},"excerpt":{"rendered":"<p>A coleira RAFIKI \u00e9 composta por uma base de couro, uma camada interior de pele de cabra (mais fina, macia e confort\u00e1vel) e \u00e9 trabalhada com missangas 100% de cer\u00e2mica.<\/p>\n<p>All materials used are of high quality and guarantee maximum comfort and style.<\/p>","protected":false},"featured_media":260158,"comment_status":"open","ping_status":"closed","template":"","meta":{"_et_pb_use_builder":"off","_et_pb_old_content":"RAFIKI significa Amigo, em queniano. Esta foi uma das primeiras palavras que aprendemos no Qu\u00e9nia. Os amigos s\u00e3o fundamentais na nossa vida e com a Naki eles sempre estiveram l\u00e1!\r\n\r\nCom uma coleira RAFIKI esperamos que a Naki te fa\u00e7a t\u00e3o feliz como os amigos fazem e que te permita ter momentos incr\u00edveis!\r\n\r\nA combina\u00e7\u00e3o no modelo RAFIKI \u00e9 de tons esverdeados, verdes e azuis.\r\n\r\nA cole\u00e7\u00e3o Naki chegou e conta com coleiras e trela \u00fanicas, de seis combina\u00e7\u00f5es de cores\/padr\u00f5es diferentes!\r\n\r\nTamanhos do S ao L.","_et_gb_content_width":""},"product_brand":[],"product_cat":[36],"product_tag":[55,49,58,50,46,48,47,42,59,56],"class_list":{"0":"post-256770","1":"product","2":"type-product","3":"status-publish","4":"has-post-thumbnail","6":"product_cat-coleiras","7":"product_tag-amigo","8":"product_tag-artesanal","9":"product_tag-azuis","10":"product_tag-coleiras","11":"product_tag-couro","12":"product_tag-handmade","13":"product_tag-missangas","14":"product_tag-quenia","15":"product_tag-rafiki","16":"product_tag-verdes","17":"product_shipping_class-caixa-leve","19":"first","20":"instock","21":"taxable","22":"shipping-taxable","23":"purchasable","24":"product-type-variable"},"yoast_head":"<!-- This site is optimized with the Yoast SEO plugin v27.3 - https:\/\/yoast.com\/product\/yoast-seo-wordpress\/ -->\n<title>home - Unique, Handcrafted Dog Collars &amp; Leashes<\/title>\n<meta name=\"description\" content=\"A coleira RAFIKI \u00e9 produzida no Qu\u00e9nia, atrav\u00e9s de couro e mi\u00e7angas. Com tons esverdeados e vibrantes, qualquer amigo (=rafiki) vai querer uma igual!\" \/>\n<meta name=\"robots\" content=\"index, follow, max-snippet:-1, max-image-preview:large, max-video-preview:-1\" \/>\n<link rel=\"canonical\" href=\"https:\/\/naki.pt\/en\/loja\/coleiras\/coleira-rafiki\/\" \/>\n<meta property=\"og:locale\" content=\"en_GB\" \/>\n<meta property=\"og:type\" content=\"article\" \/>\n<meta property=\"og:title\" content=\"Coleira Rafiki - Naki\" \/>\n<meta property=\"og:description\" content=\"A coleira RAFIKI \u00e9 produzida no Qu\u00e9nia, atrav\u00e9s de couro e mi\u00e7angas. Com tons esverdeados e vibrantes, qualquer amigo (=rafiki) vai querer uma igual!\" \/>\n<meta property=\"og:url\" content=\"https:\/\/naki.pt\/en\/loja\/coleiras\/coleira-rafiki\/\" \/>\n<meta property=\"og:site_name\" content=\"Naki\" \/>\n<meta property=\"article:publisher\" content=\"https:\/\/www.facebook.com\/share\/171zBr92E7\/\" \/>\n<meta property=\"article:modified_time\" content=\"2026-02-09T12:39:00+00:00\" \/>\n<meta property=\"og:image\" content=\"https:\/\/naki.pt\/wp-content\/uploads\/2026\/02\/8.webp\" \/>\n\t<meta property=\"og:image:width\" content=\"2000\" \/>\n\t<meta property=\"og:image:height\" content=\"2000\" \/>\n\t<meta property=\"og:image:type\" content=\"image\/webp\" \/>\n<meta name=\"twitter:card\" content=\"summary_large_image\" \/>\n<meta name=\"twitter:label1\" content=\"Estimated reading time\" \/>\n\t<meta name=\"twitter:data1\" content=\"1 minute\" \/>\n<script type=\"application\/ld+json\" class=\"yoast-schema-graph\">{\"@context\":\"https:\\\/\\\/schema.org\",\"@graph\":[{\"@type\":\"WebPage\",\"@id\":\"https:\\\/\\\/naki.pt\\\/loja\\\/coleiras\\\/coleira-rafiki\\\/\",\"url\":\"https:\\\/\\\/naki.pt\\\/loja\\\/coleiras\\\/coleira-rafiki\\\/\",\"name\":\"Coleira Rafiki - Naki\",\"isPartOf\":{\"@id\":\"https:\\\/\\\/naki.pt\\\/#website\"},\"primaryImageOfPage\":{\"@id\":\"https:\\\/\\\/naki.pt\\\/loja\\\/coleiras\\\/coleira-rafiki\\\/#primaryimage\"},\"image\":{\"@id\":\"https:\\\/\\\/naki.pt\\\/loja\\\/coleiras\\\/coleira-rafiki\\\/#primaryimage\"},\"thumbnailUrl\":\"https:\\\/\\\/naki.pt\\\/wp-content\\\/uploads\\\/2026\\\/02\\\/8.webp\",\"datePublished\":\"2024-03-31T10:36:16+00:00\",\"dateModified\":\"2026-02-09T12:39:00+00:00\",\"description\":\"A coleira RAFIKI \u00e9 produzida no Qu\u00e9nia, atrav\u00e9s de couro e mi\u00e7angas. Com tons esverdeados e vibrantes, qualquer amigo (=rafiki) vai querer uma igual!\",\"breadcrumb\":{\"@id\":\"https:\\\/\\\/naki.pt\\\/loja\\\/coleiras\\\/coleira-rafiki\\\/#breadcrumb\"},\"inLanguage\":\"en-GB\",\"potentialAction\":[{\"@type\":\"ReadAction\",\"target\":[\"https:\\\/\\\/naki.pt\\\/loja\\\/coleiras\\\/coleira-rafiki\\\/\"]}]},{\"@type\":\"ImageObject\",\"inLanguage\":\"en-GB\",\"@id\":\"https:\\\/\\\/naki.pt\\\/loja\\\/coleiras\\\/coleira-rafiki\\\/#primaryimage\",\"url\":\"https:\\\/\\\/naki.pt\\\/wp-content\\\/uploads\\\/2026\\\/02\\\/8.webp\",\"contentUrl\":\"https:\\\/\\\/naki.pt\\\/wp-content\\\/uploads\\\/2026\\\/02\\\/8.webp\",\"width\":2000,\"height\":2000},{\"@type\":\"BreadcrumbList\",\"@id\":\"https:\\\/\\\/naki.pt\\\/loja\\\/coleiras\\\/coleira-rafiki\\\/#breadcrumb\",\"itemListElement\":[{\"@type\":\"ListItem\",\"position\":1,\"name\":\"In\u00edcio\",\"item\":\"https:\\\/\\\/naki.pt\\\/\"},{\"@type\":\"ListItem\",\"position\":2,\"name\":\"COMPRAR\",\"item\":\"https:\\\/\\\/naki.pt\\\/loja\\\/\"},{\"@type\":\"ListItem\",\"position\":3,\"name\":\"Coleira Rafiki\"}]},{\"@type\":\"WebSite\",\"@id\":\"https:\\\/\\\/naki.pt\\\/#website\",\"url\":\"https:\\\/\\\/naki.pt\\\/\",\"name\":\"Coleiras artesanais de couro genu\u00edno e missangas de cer\u00e2mica produzidas pelas Mama Maasai, do Qu\u00e9nia.\",\"description\":\"Unique, Handcrafted Dog Collars &amp; Leashes\",\"publisher\":{\"@id\":\"https:\\\/\\\/naki.pt\\\/#organization\"},\"alternateName\":\"Handmade genuine leather collars and ceramic beads produced by the Mama Maasai women of Kenya.\",\"potentialAction\":[{\"@type\":\"SearchAction\",\"target\":{\"@type\":\"EntryPoint\",\"urlTemplate\":\"https:\\\/\\\/naki.pt\\\/?s={search_term_string}\"},\"query-input\":{\"@type\":\"PropertyValueSpecification\",\"valueRequired\":true,\"valueName\":\"search_term_string\"}}],\"inLanguage\":\"en-GB\"},{\"@type\":\"Organization\",\"@id\":\"https:\\\/\\\/naki.pt\\\/#organization\",\"name\":\"Naki Handmade\",\"alternateName\":\"Naki\",\"url\":\"https:\\\/\\\/naki.pt\\\/\",\"logo\":{\"@type\":\"ImageObject\",\"inLanguage\":\"en-GB\",\"@id\":\"https:\\\/\\\/naki.pt\\\/#\\\/schema\\\/logo\\\/image\\\/\",\"url\":\"https:\\\/\\\/naki.pt\\\/wp-content\\\/uploads\\\/2024\\\/02\\\/logo.jpg\",\"contentUrl\":\"https:\\\/\\\/naki.pt\\\/wp-content\\\/uploads\\\/2024\\\/02\\\/logo.jpg\",\"width\":93,\"height\":121,\"caption\":\"Naki Handmade\"},\"image\":{\"@id\":\"https:\\\/\\\/naki.pt\\\/#\\\/schema\\\/logo\\\/image\\\/\"},\"sameAs\":[\"https:\\\/\\\/www.facebook.com\\\/share\\\/171zBr92E7\\\/\",\"https:\\\/\\\/www.instagram.com\\\/itsnaki.pt\",\"https:\\\/\\\/pt.pinterest.com\\\/nakihandmade\"]}]}<\/script>\n<!-- \/ Yoast SEO plugin. -->","yoast_head_json":{"title":"home - Unique, Handcrafted Dog Collars &amp; Leashes","description":"The RAFIKI collar is made in Kenya from leather and beads. With vibrant greenish hues, any friend (=rafiki) will want one just like it!","robots":{"index":"index","follow":"follow","max-snippet":"max-snippet:-1","max-image-preview":"max-image-preview:large","max-video-preview":"max-video-preview:-1"},"canonical":"https:\/\/naki.pt\/en\/loja\/coleiras\/coleira-rafiki\/","og_locale":"en_GB","og_type":"article","og_title":"Coleira Rafiki - Naki","og_description":"A coleira RAFIKI \u00e9 produzida no Qu\u00e9nia, atrav\u00e9s de couro e mi\u00e7angas. Com tons esverdeados e vibrantes, qualquer amigo (=rafiki) vai querer uma igual!","og_url":"https:\/\/naki.pt\/en\/loja\/coleiras\/coleira-rafiki\/","og_site_name":"Naki","article_publisher":"https:\/\/www.facebook.com\/share\/171zBr92E7\/","article_modified_time":"2026-02-09T12:39:00+00:00","og_image":[{"width":2000,"height":2000,"url":"https:\/\/naki.pt\/wp-content\/uploads\/2026\/02\/8.webp","type":"image\/webp"}],"twitter_card":"summary_large_image","twitter_misc":{"Estimated reading time":"1 minute"},"schema":{"@context":"https:\/\/schema.org","@graph":[{"@type":"WebPage","@id":"https:\/\/naki.pt\/loja\/coleiras\/coleira-rafiki\/","url":"https:\/\/naki.pt\/loja\/coleiras\/coleira-rafiki\/","name":"Rafiki Collar - Naki","isPartOf":{"@id":"https:\/\/naki.pt\/#website"},"primaryImageOfPage":{"@id":"https:\/\/naki.pt\/loja\/coleiras\/coleira-rafiki\/#primaryimage"},"image":{"@id":"https:\/\/naki.pt\/loja\/coleiras\/coleira-rafiki\/#primaryimage"},"thumbnailUrl":"https:\/\/naki.pt\/wp-content\/uploads\/2026\/02\/8.webp","datePublished":"2024-03-31T10:36:16+00:00","dateModified":"2026-02-09T12:39:00+00:00","description":"The RAFIKI collar is made in Kenya from leather and beads. With vibrant greenish hues, any friend (=rafiki) will want one just like it!","breadcrumb":{"@id":"https:\/\/naki.pt\/loja\/coleiras\/coleira-rafiki\/#breadcrumb"},"inLanguage":"en-GB","potentialAction":[{"@type":"ReadAction","target":["https:\/\/naki.pt\/loja\/coleiras\/coleira-rafiki\/"]}]},{"@type":"ImageObject","inLanguage":"en-GB","@id":"https:\/\/naki.pt\/loja\/coleiras\/coleira-rafiki\/#primaryimage","url":"https:\/\/naki.pt\/wp-content\/uploads\/2026\/02\/8.webp","contentUrl":"https:\/\/naki.pt\/wp-content\/uploads\/2026\/02\/8.webp","width":2000,"height":2000},{"@type":"BreadcrumbList","@id":"https:\/\/naki.pt\/loja\/coleiras\/coleira-rafiki\/#breadcrumb","itemListElement":[{"@type":"ListItem","position":1,"name":"In\u00edcio","item":"https:\/\/naki.pt\/"},{"@type":"ListItem","position":2,"name":"COMPRAR","item":"https:\/\/naki.pt\/loja\/"},{"@type":"ListItem","position":3,"name":"Coleira Rafiki"}]},{"@type":"WebSite","@id":"https:\/\/naki.pt\/#website","url":"https:\/\/naki.pt\/","name":"Handmade collars made of genuine leather and ceramic beads made by the Mama Maasai of Kenya.","description":"Unique, Handcrafted Dog Collars &amp; Leashes","publisher":{"@id":"https:\/\/naki.pt\/#organization"},"alternateName":"Handmade genuine leather collars and ceramic beads produced by the Mama Maasai women of Kenya.","potentialAction":[{"@type":"SearchAction","target":{"@type":"EntryPoint","urlTemplate":"https:\/\/naki.pt\/?s={search_term_string}"},"query-input":{"@type":"PropertyValueSpecification","valueRequired":true,"valueName":"search_term_string"}}],"inLanguage":"en-GB"},{"@type":"Organization","@id":"https:\/\/naki.pt\/#organization","name":"Naki Handmade","alternateName":"Naki","url":"https:\/\/naki.pt\/","logo":{"@type":"ImageObject","inLanguage":"en-GB","@id":"https:\/\/naki.pt\/#\/schema\/logo\/image\/","url":"https:\/\/naki.pt\/wp-content\/uploads\/2024\/02\/logo.jpg","contentUrl":"https:\/\/naki.pt\/wp-content\/uploads\/2024\/02\/logo.jpg","width":93,"height":121,"caption":"Naki Handmade"},"image":{"@id":"https:\/\/naki.pt\/#\/schema\/logo\/image\/"},"sameAs":["https:\/\/www.facebook.com\/share\/171zBr92E7\/","https:\/\/www.instagram.com\/itsnaki.pt","https:\/\/pt.pinterest.com\/nakihandmade"]}]}},"_links":{"self":[{"href":"https:\/\/naki.pt\/en\/wp-json\/wp\/v2\/product\/256770","targetHints":{"allow":["GET"]}}],"collection":[{"href":"https:\/\/naki.pt\/en\/wp-json\/wp\/v2\/product"}],"about":[{"href":"https:\/\/naki.pt\/en\/wp-json\/wp\/v2\/types\/product"}],"replies":[{"embeddable":true,"href":"https:\/\/naki.pt\/en\/wp-json\/wp\/v2\/comments?post=256770"}],"wp:featuredmedia":[{"embeddable":true,"href":"https:\/\/naki.pt\/en\/wp-json\/wp\/v2\/media\/260158"}],"wp:attachment":[{"href":"https:\/\/naki.pt\/en\/wp-json\/wp\/v2\/media?parent=256770"}],"wp:term":[{"taxonomy":"product_brand","embeddable":true,"href":"https:\/\/naki.pt\/en\/wp-json\/wp\/v2\/product_brand?post=256770"},{"taxonomy":"product_cat","embeddable":true,"href":"https:\/\/naki.pt\/en\/wp-json\/wp\/v2\/product_cat?post=256770"},{"taxonomy":"product_tag","embeddable":true,"href":"https:\/\/naki.pt\/en\/wp-json\/wp\/v2\/product_tag?post=256770"}],"curies":[{"name":"wp","href":"https:\/\/api.w.org\/{rel}","templated":true}]}}