{"id":256767,"date":"2024-03-31T11:22:06","date_gmt":"2024-03-31T10:22:06","guid":{"rendered":"http:\/\/naki.pt\/?post_type=product&#038;p=256767"},"modified":"2026-02-09T12:52:42","modified_gmt":"2026-02-09T12:52:42","slug":"trela-safari","status":"publish","type":"product","link":"https:\/\/naki.pt\/en\/loja\/trelas\/trela-safari\/","title":{"rendered":"Safari Leash"},"content":{"rendered":"<p>SAFARI significa &#8216;viagem&#8217; e \u00e9 a melhor e mais marcante parte de uma viagem ao Qu\u00e9nia.<\/p>\n<p>Todos os produtos s\u00e3o produzidos, cuidadosamente, no Qu\u00e9nia, por uma comunidade de artes\u00e3os Maasai, com couro de qualidade e missangas de cer\u00e2mica. Os detalhes importam e cada pe\u00e7a \u00e9 feita 100% \u00e0 m\u00e3o, desde o corte do couro a cada uma da missangas, passando pelas ferragens. Os produtos Naki s\u00e3o o resultado de uma combina\u00e7\u00e3o de cultura, qualidade, conforto e estilo!<\/p>\n<p>Size: 1.20m<\/p>","protected":false},"excerpt":{"rendered":"<p>A trela SAFARI \u00e9 composta por uma base de couro e \u00e9 trabalhada atrav\u00e9s de missangas 100% de cer\u00e2mica.<\/p>\n<p>All materials used are of high quality and guarantee maximum comfort and style.<\/p>\n<p>V\u00ea a coleira do mesmo padr\u00e3o e compra j\u00e1 o look com mais estilo para o teu c\u00e3o!<\/p>\n<p>Size. 1,20m<\/p>\n<p>&nbsp;<\/p>\n<p>The Naki collection has arrived and features unique collars and leashes in six different colour\/pattern combinations!<\/p>","protected":false},"featured_media":256766,"comment_status":"open","ping_status":"closed","template":"","meta":{"_et_pb_use_builder":"","_et_pb_old_content":"","_et_gb_content_width":""},"product_brand":[],"product_cat":[37],"product_tag":[49,46,48,61,47,42,60,45],"class_list":{"0":"post-256767","1":"product","2":"type-product","3":"status-publish","4":"has-post-thumbnail","6":"product_cat-trelas","7":"product_tag-artesanal","8":"product_tag-couro","9":"product_tag-handmade","10":"product_tag-laranja","11":"product_tag-missangas","12":"product_tag-quenia","13":"product_tag-safari","14":"product_tag-trelas","15":"product_shipping_class-caixa-leve","17":"first","18":"instock","19":"taxable","20":"shipping-taxable","21":"purchasable","22":"product-type-simple"},"yoast_head":"<!-- This site is optimized with the Yoast SEO plugin v27.3 - https:\/\/yoast.com\/product\/yoast-seo-wordpress\/ -->\n<title>home - Unique, Handcrafted Dog Collars &amp; Leashes<\/title>\n<meta name=\"description\" content=\"A trela SAFARI \u00e9 produzida no Qu\u00e9nia, atrav\u00e9s de couro e mi\u00e7angas. Com tons quentes e marcantes, esta coleira faz lembrar os safaris africanos!\" \/>\n<meta name=\"robots\" content=\"index, follow, max-snippet:-1, max-image-preview:large, max-video-preview:-1\" \/>\n<link rel=\"canonical\" href=\"https:\/\/naki.pt\/en\/loja\/trelas\/trela-safari\/\" \/>\n<meta property=\"og:locale\" content=\"en_GB\" \/>\n<meta property=\"og:type\" content=\"article\" \/>\n<meta property=\"og:title\" content=\"Trela Safari - Naki\" \/>\n<meta property=\"og:description\" content=\"A trela SAFARI \u00e9 produzida no Qu\u00e9nia, atrav\u00e9s de couro e mi\u00e7angas. Com tons quentes e marcantes, esta coleira faz lembrar os safaris africanos!\" \/>\n<meta property=\"og:url\" content=\"https:\/\/naki.pt\/en\/loja\/trelas\/trela-safari\/\" \/>\n<meta property=\"og:site_name\" content=\"Naki\" \/>\n<meta property=\"article:publisher\" content=\"https:\/\/www.facebook.com\/share\/171zBr92E7\/\" \/>\n<meta property=\"article:modified_time\" content=\"2026-02-09T12:52:42+00:00\" \/>\n<meta property=\"og:image\" content=\"https:\/\/naki.pt\/wp-content\/uploads\/2024\/03\/Copia-de-IMG_6684-e1725118942319.webp\" \/>\n\t<meta property=\"og:image:width\" content=\"252\" \/>\n\t<meta property=\"og:image:height\" content=\"310\" \/>\n\t<meta property=\"og:image:type\" content=\"image\/webp\" \/>\n<meta name=\"twitter:card\" content=\"summary_large_image\" \/>\n<meta name=\"twitter:label1\" content=\"Estimated reading time\" \/>\n\t<meta name=\"twitter:data1\" content=\"1 minute\" \/>\n<script type=\"application\/ld+json\" class=\"yoast-schema-graph\">{\"@context\":\"https:\\\/\\\/schema.org\",\"@graph\":[{\"@type\":\"WebPage\",\"@id\":\"https:\\\/\\\/naki.pt\\\/loja\\\/trelas\\\/trela-safari\\\/\",\"url\":\"https:\\\/\\\/naki.pt\\\/loja\\\/trelas\\\/trela-safari\\\/\",\"name\":\"Trela Safari - Naki\",\"isPartOf\":{\"@id\":\"https:\\\/\\\/naki.pt\\\/#website\"},\"primaryImageOfPage\":{\"@id\":\"https:\\\/\\\/naki.pt\\\/loja\\\/trelas\\\/trela-safari\\\/#primaryimage\"},\"image\":{\"@id\":\"https:\\\/\\\/naki.pt\\\/loja\\\/trelas\\\/trela-safari\\\/#primaryimage\"},\"thumbnailUrl\":\"https:\\\/\\\/naki.pt\\\/wp-content\\\/uploads\\\/2024\\\/03\\\/Copia-de-IMG_6684-e1725118942319.webp\",\"datePublished\":\"2024-03-31T10:22:06+00:00\",\"dateModified\":\"2026-02-09T12:52:42+00:00\",\"description\":\"A trela SAFARI \u00e9 produzida no Qu\u00e9nia, atrav\u00e9s de couro e mi\u00e7angas. Com tons quentes e marcantes, esta coleira faz lembrar os safaris africanos!\",\"breadcrumb\":{\"@id\":\"https:\\\/\\\/naki.pt\\\/loja\\\/trelas\\\/trela-safari\\\/#breadcrumb\"},\"inLanguage\":\"en-GB\",\"potentialAction\":[{\"@type\":\"ReadAction\",\"target\":[\"https:\\\/\\\/naki.pt\\\/loja\\\/trelas\\\/trela-safari\\\/\"]}]},{\"@type\":\"ImageObject\",\"inLanguage\":\"en-GB\",\"@id\":\"https:\\\/\\\/naki.pt\\\/loja\\\/trelas\\\/trela-safari\\\/#primaryimage\",\"url\":\"https:\\\/\\\/naki.pt\\\/wp-content\\\/uploads\\\/2024\\\/03\\\/Copia-de-IMG_6684-e1725118942319.webp\",\"contentUrl\":\"https:\\\/\\\/naki.pt\\\/wp-content\\\/uploads\\\/2024\\\/03\\\/Copia-de-IMG_6684-e1725118942319.webp\",\"width\":252,\"height\":310,\"caption\":\"Trela artesanal fabricada no Kenia pela tribo maasai, couro genu\u00edno, missangas em cer\u00e2mica e padr\u00f5es \u00fanicos\"},{\"@type\":\"BreadcrumbList\",\"@id\":\"https:\\\/\\\/naki.pt\\\/loja\\\/trelas\\\/trela-safari\\\/#breadcrumb\",\"itemListElement\":[{\"@type\":\"ListItem\",\"position\":1,\"name\":\"In\u00edcio\",\"item\":\"https:\\\/\\\/naki.pt\\\/\"},{\"@type\":\"ListItem\",\"position\":2,\"name\":\"COMPRAR\",\"item\":\"https:\\\/\\\/naki.pt\\\/loja\\\/\"},{\"@type\":\"ListItem\",\"position\":3,\"name\":\"Trela Safari\"}]},{\"@type\":\"WebSite\",\"@id\":\"https:\\\/\\\/naki.pt\\\/#website\",\"url\":\"https:\\\/\\\/naki.pt\\\/\",\"name\":\"Coleiras artesanais de couro genu\u00edno e missangas de cer\u00e2mica produzidas pelas Mama Maasai, do Qu\u00e9nia.\",\"description\":\"Unique, Handcrafted Dog Collars &amp; Leashes\",\"publisher\":{\"@id\":\"https:\\\/\\\/naki.pt\\\/#organization\"},\"alternateName\":\"Handmade genuine leather collars and ceramic beads produced by the Mama Maasai women of Kenya.\",\"potentialAction\":[{\"@type\":\"SearchAction\",\"target\":{\"@type\":\"EntryPoint\",\"urlTemplate\":\"https:\\\/\\\/naki.pt\\\/?s={search_term_string}\"},\"query-input\":{\"@type\":\"PropertyValueSpecification\",\"valueRequired\":true,\"valueName\":\"search_term_string\"}}],\"inLanguage\":\"en-GB\"},{\"@type\":\"Organization\",\"@id\":\"https:\\\/\\\/naki.pt\\\/#organization\",\"name\":\"Naki Handmade\",\"alternateName\":\"Naki\",\"url\":\"https:\\\/\\\/naki.pt\\\/\",\"logo\":{\"@type\":\"ImageObject\",\"inLanguage\":\"en-GB\",\"@id\":\"https:\\\/\\\/naki.pt\\\/#\\\/schema\\\/logo\\\/image\\\/\",\"url\":\"https:\\\/\\\/naki.pt\\\/wp-content\\\/uploads\\\/2024\\\/02\\\/logo.jpg\",\"contentUrl\":\"https:\\\/\\\/naki.pt\\\/wp-content\\\/uploads\\\/2024\\\/02\\\/logo.jpg\",\"width\":93,\"height\":121,\"caption\":\"Naki Handmade\"},\"image\":{\"@id\":\"https:\\\/\\\/naki.pt\\\/#\\\/schema\\\/logo\\\/image\\\/\"},\"sameAs\":[\"https:\\\/\\\/www.facebook.com\\\/share\\\/171zBr92E7\\\/\",\"https:\\\/\\\/www.instagram.com\\\/itsnaki.pt\",\"https:\\\/\\\/pt.pinterest.com\\\/nakihandmade\"]}]}<\/script>\n<!-- \/ Yoast SEO plugin. -->","yoast_head_json":{"title":"home - Unique, Handcrafted Dog Collars &amp; Leashes","description":"The SAFARI collar is made in Kenya from leather and beads. With warm, striking tones, this collar is reminiscent of African safaris!","robots":{"index":"index","follow":"follow","max-snippet":"max-snippet:-1","max-image-preview":"max-image-preview:large","max-video-preview":"max-video-preview:-1"},"canonical":"https:\/\/naki.pt\/en\/loja\/trelas\/trela-safari\/","og_locale":"en_GB","og_type":"article","og_title":"Trela Safari - Naki","og_description":"A trela SAFARI \u00e9 produzida no Qu\u00e9nia, atrav\u00e9s de couro e mi\u00e7angas. Com tons quentes e marcantes, esta coleira faz lembrar os safaris africanos!","og_url":"https:\/\/naki.pt\/en\/loja\/trelas\/trela-safari\/","og_site_name":"Naki","article_publisher":"https:\/\/www.facebook.com\/share\/171zBr92E7\/","article_modified_time":"2026-02-09T12:52:42+00:00","og_image":[{"width":252,"height":310,"url":"https:\/\/naki.pt\/wp-content\/uploads\/2024\/03\/Copia-de-IMG_6684-e1725118942319.webp","type":"image\/webp"}],"twitter_card":"summary_large_image","twitter_misc":{"Estimated reading time":"1 minute"},"schema":{"@context":"https:\/\/schema.org","@graph":[{"@type":"WebPage","@id":"https:\/\/naki.pt\/loja\/trelas\/trela-safari\/","url":"https:\/\/naki.pt\/loja\/trelas\/trela-safari\/","name":"Trela Safari - Naki","isPartOf":{"@id":"https:\/\/naki.pt\/#website"},"primaryImageOfPage":{"@id":"https:\/\/naki.pt\/loja\/trelas\/trela-safari\/#primaryimage"},"image":{"@id":"https:\/\/naki.pt\/loja\/trelas\/trela-safari\/#primaryimage"},"thumbnailUrl":"https:\/\/naki.pt\/wp-content\/uploads\/2024\/03\/Copia-de-IMG_6684-e1725118942319.webp","datePublished":"2024-03-31T10:22:06+00:00","dateModified":"2026-02-09T12:52:42+00:00","description":"The SAFARI collar is made in Kenya from leather and beads. With warm, striking tones, this collar is reminiscent of African safaris!","breadcrumb":{"@id":"https:\/\/naki.pt\/loja\/trelas\/trela-safari\/#breadcrumb"},"inLanguage":"en-GB","potentialAction":[{"@type":"ReadAction","target":["https:\/\/naki.pt\/loja\/trelas\/trela-safari\/"]}]},{"@type":"ImageObject","inLanguage":"en-GB","@id":"https:\/\/naki.pt\/loja\/trelas\/trela-safari\/#primaryimage","url":"https:\/\/naki.pt\/wp-content\/uploads\/2024\/03\/Copia-de-IMG_6684-e1725118942319.webp","contentUrl":"https:\/\/naki.pt\/wp-content\/uploads\/2024\/03\/Copia-de-IMG_6684-e1725118942319.webp","width":252,"height":310,"caption":"Trela artesanal fabricada no Kenia pela tribo maasai, couro genu\u00edno, missangas em cer\u00e2mica e padr\u00f5es \u00fanicos"},{"@type":"BreadcrumbList","@id":"https:\/\/naki.pt\/loja\/trelas\/trela-safari\/#breadcrumb","itemListElement":[{"@type":"ListItem","position":1,"name":"In\u00edcio","item":"https:\/\/naki.pt\/"},{"@type":"ListItem","position":2,"name":"COMPRAR","item":"https:\/\/naki.pt\/loja\/"},{"@type":"ListItem","position":3,"name":"Trela Safari"}]},{"@type":"WebSite","@id":"https:\/\/naki.pt\/#website","url":"https:\/\/naki.pt\/","name":"Handmade collars made of genuine leather and ceramic beads made by the Mama Maasai of Kenya.","description":"Unique, Handcrafted Dog Collars &amp; Leashes","publisher":{"@id":"https:\/\/naki.pt\/#organization"},"alternateName":"Handmade genuine leather collars and ceramic beads produced by the Mama Maasai women of Kenya.","potentialAction":[{"@type":"SearchAction","target":{"@type":"EntryPoint","urlTemplate":"https:\/\/naki.pt\/?s={search_term_string}"},"query-input":{"@type":"PropertyValueSpecification","valueRequired":true,"valueName":"search_term_string"}}],"inLanguage":"en-GB"},{"@type":"Organization","@id":"https:\/\/naki.pt\/#organization","name":"Naki Handmade","alternateName":"Naki","url":"https:\/\/naki.pt\/","logo":{"@type":"ImageObject","inLanguage":"en-GB","@id":"https:\/\/naki.pt\/#\/schema\/logo\/image\/","url":"https:\/\/naki.pt\/wp-content\/uploads\/2024\/02\/logo.jpg","contentUrl":"https:\/\/naki.pt\/wp-content\/uploads\/2024\/02\/logo.jpg","width":93,"height":121,"caption":"Naki Handmade"},"image":{"@id":"https:\/\/naki.pt\/#\/schema\/logo\/image\/"},"sameAs":["https:\/\/www.facebook.com\/share\/171zBr92E7\/","https:\/\/www.instagram.com\/itsnaki.pt","https:\/\/pt.pinterest.com\/nakihandmade"]}]}},"_links":{"self":[{"href":"https:\/\/naki.pt\/en\/wp-json\/wp\/v2\/product\/256767","targetHints":{"allow":["GET"]}}],"collection":[{"href":"https:\/\/naki.pt\/en\/wp-json\/wp\/v2\/product"}],"about":[{"href":"https:\/\/naki.pt\/en\/wp-json\/wp\/v2\/types\/product"}],"replies":[{"embeddable":true,"href":"https:\/\/naki.pt\/en\/wp-json\/wp\/v2\/comments?post=256767"}],"wp:featuredmedia":[{"embeddable":true,"href":"https:\/\/naki.pt\/en\/wp-json\/wp\/v2\/media\/256766"}],"wp:attachment":[{"href":"https:\/\/naki.pt\/en\/wp-json\/wp\/v2\/media?parent=256767"}],"wp:term":[{"taxonomy":"product_brand","embeddable":true,"href":"https:\/\/naki.pt\/en\/wp-json\/wp\/v2\/product_brand?post=256767"},{"taxonomy":"product_cat","embeddable":true,"href":"https:\/\/naki.pt\/en\/wp-json\/wp\/v2\/product_cat?post=256767"},{"taxonomy":"product_tag","embeddable":true,"href":"https:\/\/naki.pt\/en\/wp-json\/wp\/v2\/product_tag?post=256767"}],"curies":[{"name":"wp","href":"https:\/\/api.w.org\/{rel}","templated":true}]}}