{"id":163,"date":"2024-03-07T14:47:01","date_gmt":"2024-03-07T14:47:01","guid":{"rendered":"http:\/\/naki.pt\/?post_type=product&#038;p=163"},"modified":"2026-02-09T12:34:51","modified_gmt":"2026-02-09T12:34:51","slug":"coleira-karibu","status":"publish","type":"product","link":"https:\/\/naki.pt\/en\/loja\/coleiras\/coleira-karibu\/","title":{"rendered":"Karibu collar"},"content":{"rendered":"<p>KARIBU significa\u00a0 \u2018You\u2019re Welcome\u2018, Bem-vindo, uma das primeiras palavras que se ouve quando se chega ao Qu\u00e9nia. Com esta coleira queremos dar as boas-vindas a todos os que se juntam \u00e0 Naki e t\u00eam passeios com muito mais pinta!<\/p>\n<p>Todos os produtos s\u00e3o produzidos, cuidadosamente, no Qu\u00e9nia, por uma comunidade de artes\u00e3os Maasai, com couro de qualidade e missangas de cer\u00e2mica. Os detalhes importam e cada pe\u00e7a \u00e9 feita 100% \u00e0 m\u00e3o, desde o corte do couro a cada uma da missangas, passando pelas ferragens. Os produtos Naki s\u00e3o o resultado de uma combina\u00e7\u00e3o de cultura, qualidade, conforto e estilo!<\/p>\n<p>This pattern was chosen with this combination of warm, powerful colours to make it stand out on anyone! Here we have shades of pink, wine, orange, yellow and white.<\/p>\n<p>Sizes from XS to XXL.<\/p>","protected":false},"excerpt":{"rendered":"<p>A coleira KARIBU \u00e9 composta por uma base de couro, uma camada interior de pele de cabra (mais fina, macia e confort\u00e1vel) e \u00e9 trabalhada com missangas 100% de cer\u00e2mica.<\/p>\n<p>All materials used are of high quality and guarantee maximum comfort and style.<\/p>","protected":false},"featured_media":260161,"comment_status":"open","ping_status":"closed","template":"","meta":{"_et_pb_use_builder":"on","_et_pb_old_content":"KARIBU significa\u00a0 \u2018You\u2019re Welcome\u2018, Bem-vindo, uma das primeiras palavras que se ouve quando se chega ao Qu\u00e9nia. Com esta coleira queremos dar as boas-vindas a todos os que se juntam \u00e0 Naki e t\u00eam passeios com muito mais pinta!\r\n\r\nTodos os produtos s\u00e3o produzidos, cuidadosamente, no Qu\u00e9nia, por uma comunidade de artes\u00e3os Maasai, com couro de qualidade e missangas de cer\u00e2mica. Os detalhes importam e cada pe\u00e7a \u00e9 feita 100% \u00e0 m\u00e3o, desde o corte do couro a cada uma da missangas, passando pelas ferragens. Os produtos Naki s\u00e3o o resultado de uma combina\u00e7\u00e3o de cultura, qualidade, conforto e estilo!\r\n\r\nEste padr\u00e3o foi escolhido com esta combina\u00e7\u00e3o de cores quentes e poderosas para sobressair em qualquer um! Aqui temos tons rosa, vinho, laranja, amarelo e branco.\r\n\r\nTamanhos do XS ao XXL.","_et_gb_content_width":""},"product_brand":[],"product_cat":[36],"product_tag":[69,49,65,70,50,46,48,66,61,47,42,67,44,68],"class_list":{"0":"post-163","1":"product","2":"type-product","3":"status-publish","4":"has-post-thumbnail","6":"product_cat-coleiras","7":"product_tag-amarelo","8":"product_tag-artesanal","9":"product_tag-bem-vindo","10":"product_tag-branco","11":"product_tag-coleiras","12":"product_tag-couro","13":"product_tag-handmade","14":"product_tag-karibu","15":"product_tag-laranja","16":"product_tag-missangas","17":"product_tag-quenia","18":"product_tag-quentes","19":"product_tag-rosa","20":"product_tag-vinho","21":"product_shipping_class-caixa-leve","23":"first","24":"instock","25":"taxable","26":"shipping-taxable","27":"purchasable","28":"product-type-variable"},"yoast_head":"<!-- This site is optimized with the Yoast SEO plugin v27.3 - https:\/\/yoast.com\/product\/yoast-seo-wordpress\/ -->\n<title>home - Unique, Handcrafted Dog Collars &amp; Leashes<\/title>\n<meta name=\"description\" content=\"A coleira KARIBU \u00e9 produzida no Qu\u00e9nia, atrav\u00e9s de couro e missangas. KARIBU significa\u00a0 \u2018You\u2019re Welcome\u2018, Bem-vindo, uma das primeiras palavras que se ouve quando se chega ao Qu\u00e9nia. Damos as boas-vindas a todos os que se juntam \u00e0 Naki e t\u00eam passeios com muito mais pinta!\" \/>\n<meta name=\"robots\" content=\"index, follow, max-snippet:-1, max-image-preview:large, max-video-preview:-1\" \/>\n<link rel=\"canonical\" href=\"https:\/\/naki.pt\/en\/produto\/coleira-karibu\/\" \/>\n<meta property=\"og:locale\" content=\"en_GB\" \/>\n<meta property=\"og:type\" content=\"article\" \/>\n<meta property=\"og:title\" content=\"Coleira Karibu - Naki\" \/>\n<meta property=\"og:description\" content=\"A coleira KARIBU \u00e9 produzida no Qu\u00e9nia, atrav\u00e9s de couro e missangas. KARIBU significa\u00a0 \u2018You\u2019re Welcome\u2018, Bem-vindo, uma das primeiras palavras que se ouve quando se chega ao Qu\u00e9nia. Damos as boas-vindas a todos os que se juntam \u00e0 Naki e t\u00eam passeios com muito mais pinta!\" \/>\n<meta property=\"og:url\" content=\"https:\/\/naki.pt\/en\/produto\/coleira-karibu\/\" \/>\n<meta property=\"og:site_name\" content=\"Naki\" \/>\n<meta property=\"article:publisher\" content=\"https:\/\/www.facebook.com\/share\/171zBr92E7\/\" \/>\n<meta property=\"article:modified_time\" content=\"2026-02-09T12:34:51+00:00\" \/>\n<meta property=\"og:image\" content=\"https:\/\/naki.pt\/wp-content\/uploads\/2026\/02\/3.webp\" \/>\n\t<meta property=\"og:image:width\" content=\"2000\" \/>\n\t<meta property=\"og:image:height\" content=\"2000\" \/>\n\t<meta property=\"og:image:type\" content=\"image\/webp\" \/>\n<meta name=\"twitter:card\" content=\"summary_large_image\" \/>\n<meta name=\"twitter:label1\" content=\"Estimated reading time\" \/>\n\t<meta name=\"twitter:data1\" content=\"1 minute\" \/>\n<script type=\"application\/ld+json\" class=\"yoast-schema-graph\">{\"@context\":\"https:\\\/\\\/schema.org\",\"@graph\":[{\"@type\":\"WebPage\",\"@id\":\"https:\\\/\\\/naki.pt\\\/loja\\\/coleiras\\\/coleira-karibu\\\/\",\"url\":\"https:\\\/\\\/naki.pt\\\/produto\\\/coleira-karibu\\\/\",\"name\":\"Coleira Karibu - Naki\",\"isPartOf\":{\"@id\":\"https:\\\/\\\/naki.pt\\\/#website\"},\"primaryImageOfPage\":{\"@id\":\"https:\\\/\\\/naki.pt\\\/produto\\\/coleira-karibu\\\/#primaryimage\"},\"image\":{\"@id\":\"https:\\\/\\\/naki.pt\\\/produto\\\/coleira-karibu\\\/#primaryimage\"},\"thumbnailUrl\":\"https:\\\/\\\/naki.pt\\\/wp-content\\\/uploads\\\/2026\\\/02\\\/3.webp\",\"datePublished\":\"2024-03-07T14:47:01+00:00\",\"dateModified\":\"2026-02-09T12:34:51+00:00\",\"description\":\"A coleira KARIBU \u00e9 produzida no Qu\u00e9nia, atrav\u00e9s de couro e missangas. KARIBU significa\u00a0 \u2018You\u2019re Welcome\u2018, Bem-vindo, uma das primeiras palavras que se ouve quando se chega ao Qu\u00e9nia. Damos as boas-vindas a todos os que se juntam \u00e0 Naki e t\u00eam passeios com muito mais pinta!\",\"breadcrumb\":{\"@id\":\"https:\\\/\\\/naki.pt\\\/produto\\\/coleira-karibu\\\/#breadcrumb\"},\"inLanguage\":\"en-GB\",\"potentialAction\":[{\"@type\":\"ReadAction\",\"target\":[\"https:\\\/\\\/naki.pt\\\/produto\\\/coleira-karibu\\\/\"]}]},{\"@type\":\"ImageObject\",\"inLanguage\":\"en-GB\",\"@id\":\"https:\\\/\\\/naki.pt\\\/produto\\\/coleira-karibu\\\/#primaryimage\",\"url\":\"https:\\\/\\\/naki.pt\\\/wp-content\\\/uploads\\\/2026\\\/02\\\/3.webp\",\"contentUrl\":\"https:\\\/\\\/naki.pt\\\/wp-content\\\/uploads\\\/2026\\\/02\\\/3.webp\",\"width\":2000,\"height\":2000},{\"@type\":\"BreadcrumbList\",\"@id\":\"https:\\\/\\\/naki.pt\\\/produto\\\/coleira-karibu\\\/#breadcrumb\",\"itemListElement\":[{\"@type\":\"ListItem\",\"position\":1,\"name\":\"In\u00edcio\",\"item\":\"https:\\\/\\\/naki.pt\\\/\"},{\"@type\":\"ListItem\",\"position\":2,\"name\":\"COMPRAR\",\"item\":\"https:\\\/\\\/naki.pt\\\/loja\\\/\"},{\"@type\":\"ListItem\",\"position\":3,\"name\":\"Produtos \u00fanicos\"}]},{\"@type\":\"WebSite\",\"@id\":\"https:\\\/\\\/naki.pt\\\/#website\",\"url\":\"https:\\\/\\\/naki.pt\\\/\",\"name\":\"Coleiras artesanais de couro genu\u00edno e missangas de cer\u00e2mica produzidas pelas Mama Maasai, do Qu\u00e9nia.\",\"description\":\"Unique, Handcrafted Dog Collars &amp; Leashes\",\"publisher\":{\"@id\":\"https:\\\/\\\/naki.pt\\\/#organization\"},\"alternateName\":\"Handmade genuine leather collars and ceramic beads produced by the Mama Maasai women of Kenya.\",\"potentialAction\":[{\"@type\":\"SearchAction\",\"target\":{\"@type\":\"EntryPoint\",\"urlTemplate\":\"https:\\\/\\\/naki.pt\\\/?s={search_term_string}\"},\"query-input\":{\"@type\":\"PropertyValueSpecification\",\"valueRequired\":true,\"valueName\":\"search_term_string\"}}],\"inLanguage\":\"en-GB\"},{\"@type\":\"Organization\",\"@id\":\"https:\\\/\\\/naki.pt\\\/#organization\",\"name\":\"Naki Handmade\",\"alternateName\":\"Naki\",\"url\":\"https:\\\/\\\/naki.pt\\\/\",\"logo\":{\"@type\":\"ImageObject\",\"inLanguage\":\"en-GB\",\"@id\":\"https:\\\/\\\/naki.pt\\\/#\\\/schema\\\/logo\\\/image\\\/\",\"url\":\"https:\\\/\\\/naki.pt\\\/wp-content\\\/uploads\\\/2024\\\/02\\\/logo.jpg\",\"contentUrl\":\"https:\\\/\\\/naki.pt\\\/wp-content\\\/uploads\\\/2024\\\/02\\\/logo.jpg\",\"width\":93,\"height\":121,\"caption\":\"Naki Handmade\"},\"image\":{\"@id\":\"https:\\\/\\\/naki.pt\\\/#\\\/schema\\\/logo\\\/image\\\/\"},\"sameAs\":[\"https:\\\/\\\/www.facebook.com\\\/share\\\/171zBr92E7\\\/\",\"https:\\\/\\\/www.instagram.com\\\/itsnaki.pt\",\"https:\\\/\\\/pt.pinterest.com\\\/nakihandmade\"]}]}<\/script>\n<!-- \/ Yoast SEO plugin. -->","yoast_head_json":{"title":"home - Unique, Handcrafted Dog Collars &amp; Leashes","description":"A coleira KARIBU \u00e9 produzida no Qu\u00e9nia, atrav\u00e9s de couro e missangas. KARIBU significa\u00a0 \u2018You\u2019re Welcome\u2018, Bem-vindo, uma das primeiras palavras que se ouve quando se chega ao Qu\u00e9nia. Damos as boas-vindas a todos os que se juntam \u00e0 Naki e t\u00eam passeios com muito mais pinta!","robots":{"index":"index","follow":"follow","max-snippet":"max-snippet:-1","max-image-preview":"max-image-preview:large","max-video-preview":"max-video-preview:-1"},"canonical":"https:\/\/naki.pt\/en\/produto\/coleira-karibu\/","og_locale":"en_GB","og_type":"article","og_title":"Coleira Karibu - Naki","og_description":"A coleira KARIBU \u00e9 produzida no Qu\u00e9nia, atrav\u00e9s de couro e missangas. KARIBU significa\u00a0 \u2018You\u2019re Welcome\u2018, Bem-vindo, uma das primeiras palavras que se ouve quando se chega ao Qu\u00e9nia. Damos as boas-vindas a todos os que se juntam \u00e0 Naki e t\u00eam passeios com muito mais pinta!","og_url":"https:\/\/naki.pt\/en\/produto\/coleira-karibu\/","og_site_name":"Naki","article_publisher":"https:\/\/www.facebook.com\/share\/171zBr92E7\/","article_modified_time":"2026-02-09T12:34:51+00:00","og_image":[{"width":2000,"height":2000,"url":"https:\/\/naki.pt\/wp-content\/uploads\/2026\/02\/3.webp","type":"image\/webp"}],"twitter_card":"summary_large_image","twitter_misc":{"Estimated reading time":"1 minute"},"schema":{"@context":"https:\/\/schema.org","@graph":[{"@type":"WebPage","@id":"https:\/\/naki.pt\/loja\/coleiras\/coleira-karibu\/","url":"https:\/\/naki.pt\/produto\/coleira-karibu\/","name":"Coleira Karibu - Naki","isPartOf":{"@id":"https:\/\/naki.pt\/#website"},"primaryImageOfPage":{"@id":"https:\/\/naki.pt\/produto\/coleira-karibu\/#primaryimage"},"image":{"@id":"https:\/\/naki.pt\/produto\/coleira-karibu\/#primaryimage"},"thumbnailUrl":"https:\/\/naki.pt\/wp-content\/uploads\/2026\/02\/3.webp","datePublished":"2024-03-07T14:47:01+00:00","dateModified":"2026-02-09T12:34:51+00:00","description":"A coleira KARIBU \u00e9 produzida no Qu\u00e9nia, atrav\u00e9s de couro e missangas. KARIBU significa\u00a0 \u2018You\u2019re Welcome\u2018, Bem-vindo, uma das primeiras palavras que se ouve quando se chega ao Qu\u00e9nia. Damos as boas-vindas a todos os que se juntam \u00e0 Naki e t\u00eam passeios com muito mais pinta!","breadcrumb":{"@id":"https:\/\/naki.pt\/produto\/coleira-karibu\/#breadcrumb"},"inLanguage":"en-GB","potentialAction":[{"@type":"ReadAction","target":["https:\/\/naki.pt\/produto\/coleira-karibu\/"]}]},{"@type":"ImageObject","inLanguage":"en-GB","@id":"https:\/\/naki.pt\/produto\/coleira-karibu\/#primaryimage","url":"https:\/\/naki.pt\/wp-content\/uploads\/2026\/02\/3.webp","contentUrl":"https:\/\/naki.pt\/wp-content\/uploads\/2026\/02\/3.webp","width":2000,"height":2000},{"@type":"BreadcrumbList","@id":"https:\/\/naki.pt\/produto\/coleira-karibu\/#breadcrumb","itemListElement":[{"@type":"ListItem","position":1,"name":"In\u00edcio","item":"https:\/\/naki.pt\/"},{"@type":"ListItem","position":2,"name":"COMPRAR","item":"https:\/\/naki.pt\/loja\/"},{"@type":"ListItem","position":3,"name":"Produtos \u00fanicos"}]},{"@type":"WebSite","@id":"https:\/\/naki.pt\/#website","url":"https:\/\/naki.pt\/","name":"Handmade collars made of genuine leather and ceramic beads made by the Mama Maasai of Kenya.","description":"Unique, Handcrafted Dog Collars &amp; Leashes","publisher":{"@id":"https:\/\/naki.pt\/#organization"},"alternateName":"Handmade genuine leather collars and ceramic beads produced by the Mama Maasai women of Kenya.","potentialAction":[{"@type":"SearchAction","target":{"@type":"EntryPoint","urlTemplate":"https:\/\/naki.pt\/?s={search_term_string}"},"query-input":{"@type":"PropertyValueSpecification","valueRequired":true,"valueName":"search_term_string"}}],"inLanguage":"en-GB"},{"@type":"Organization","@id":"https:\/\/naki.pt\/#organization","name":"Naki Handmade","alternateName":"Naki","url":"https:\/\/naki.pt\/","logo":{"@type":"ImageObject","inLanguage":"en-GB","@id":"https:\/\/naki.pt\/#\/schema\/logo\/image\/","url":"https:\/\/naki.pt\/wp-content\/uploads\/2024\/02\/logo.jpg","contentUrl":"https:\/\/naki.pt\/wp-content\/uploads\/2024\/02\/logo.jpg","width":93,"height":121,"caption":"Naki Handmade"},"image":{"@id":"https:\/\/naki.pt\/#\/schema\/logo\/image\/"},"sameAs":["https:\/\/www.facebook.com\/share\/171zBr92E7\/","https:\/\/www.instagram.com\/itsnaki.pt","https:\/\/pt.pinterest.com\/nakihandmade"]}]}},"_links":{"self":[{"href":"https:\/\/naki.pt\/en\/wp-json\/wp\/v2\/product\/163","targetHints":{"allow":["GET"]}}],"collection":[{"href":"https:\/\/naki.pt\/en\/wp-json\/wp\/v2\/product"}],"about":[{"href":"https:\/\/naki.pt\/en\/wp-json\/wp\/v2\/types\/product"}],"replies":[{"embeddable":true,"href":"https:\/\/naki.pt\/en\/wp-json\/wp\/v2\/comments?post=163"}],"wp:featuredmedia":[{"embeddable":true,"href":"https:\/\/naki.pt\/en\/wp-json\/wp\/v2\/media\/260161"}],"wp:attachment":[{"href":"https:\/\/naki.pt\/en\/wp-json\/wp\/v2\/media?parent=163"}],"wp:term":[{"taxonomy":"product_brand","embeddable":true,"href":"https:\/\/naki.pt\/en\/wp-json\/wp\/v2\/product_brand?post=163"},{"taxonomy":"product_cat","embeddable":true,"href":"https:\/\/naki.pt\/en\/wp-json\/wp\/v2\/product_cat?post=163"},{"taxonomy":"product_tag","embeddable":true,"href":"https:\/\/naki.pt\/en\/wp-json\/wp\/v2\/product_tag?post=163"}],"curies":[{"name":"wp","href":"https:\/\/api.w.org\/{rel}","templated":true}]}}