{"id":257434,"date":"2024-04-10T15:23:46","date_gmt":"2024-04-10T14:23:46","guid":{"rendered":"http:\/\/naki.pt\/wishlist\/"},"modified":"2026-02-05T11:07:14","modified_gmt":"2026-02-05T11:07:14","slug":"wishlist","status":"publish","type":"page","link":"https:\/\/naki.pt\/en\/wishlist\/","title":{"rendered":"Wishlist"},"content":{"rendered":"[et_pb_section admin_label=&#8221;section&#8221;]\n\t\t\t[et_pb_row admin_label=&#8221;row&#8221;]\n\t\t\t\t[et_pb_column type=&#8221;4_4&#8243;][et_pb_text admin_label=&#8221;Text&#8221;]\n\n\n<form id=\"wlfmc-wishlist-form\" action=\"https:\/\/naki.pt\/en\/wishlist\/\" method=\"post\" class=\"wlfmc-wishlist-form wlfmc-wishlist-1 wlfmc-wishlist-fragment woocommerce on-first-load\" data-fragment-options=\"{&quot;unique_id&quot;:&quot;1&quot;,&quot;is_elementor&quot;:false,&quot;has_access&quot;:true,&quot;wishlist_id&quot;:false,&quot;action_params&quot;:false,&quot;per_page&quot;:&quot;5&quot;,&quot;current_page&quot;:1,&quot;pagination&quot;:true,&quot;wishlist_url&quot;:&quot;https:\\\/\\\/naki.pt\\\/en\\\/wishlist\\\/&quot;,&quot;no_interactions&quot;:false,&quot;items_show&quot;:&quot;product-checkbox,product-name,product-review,product-thumbnail,product-variation,product-price,product-add-to-cart,product-remove&quot;,&quot;total_price_mode&quot;:&quot;classic&quot;,&quot;total_position&quot;:&quot;below-action-bar&quot;,&quot;enable_layout_toggle&quot;:false,&quot;product_move&quot;:false,&quot;product_copy&quot;:false,&quot;move_all_to_list_label&quot;:&quot;Move all to list&quot;,&quot;copy_all_to_list_label&quot;:&quot;Copy all to list&quot;,&quot;show_total_price&quot;:false,&quot;enable_drag_n_drop&quot;:false,&quot;is_cache_enabled&quot;:&quot;1&quot;,&quot;wishlist_page_title&quot;:&quot;Wishlist&quot;,&quot;view_mode&quot;:&quot;list&quot;,&quot;button_add_to_cart_style&quot;:&quot;1&quot;,&quot;qty_style&quot;:&quot;1&quot;,&quot;pagination_style&quot;:&quot;1&quot;,&quot;custom_template&quot;:&quot;&quot;,&quot;enable_actions&quot;:false,&quot;enable_all_add_to_cart&quot;:true,&quot;enable_share&quot;:&quot;1&quot;,&quot;share_position&quot;:&quot;after_table&quot;,&quot;share_items&quot;:&quot;facebook,messenger,whatsapp,telegram,email,pdf&quot;,&quot;socials_title&quot;:&quot;Minha Wishlist na loja Naki Handmade&quot;,&quot;login_notice&quot;:false,&quot;base_url&quot;:&quot;&quot;,&quot;wishlist&quot;:false,&quot;wishlist_token&quot;:&quot;&quot;,&quot;is_private&quot;:false,&quot;count&quot;:0,&quot;wishlist_items&quot;:&quot;&quot;,&quot;page_links&quot;:false,&quot;is_user_logged_in&quot;:false,&quot;is_user_owner&quot;:false,&quot;merge_lists&quot;:false,&quot;popup_vertical&quot;:&quot;center&quot;,&quot;popup_horizontal&quot;:&quot;center&quot;,&quot;empty_wishlist_title&quot;:&quot;A SUA WISHLIST EST\\u00c1 VAZIA!&quot;,&quot;empty_wishlist_content&quot;:&quot;&lt;p&gt;Ainda n\\u00e3o adicionou produtos \\u00e0 sua Wishlist.&lt;\\\/p&gt;&quot;,&quot;tooltip_class&quot;:&quot; wlfmc-tooltip wlfmc-tooltip-top&quot;,&quot;tooltip_type&quot;:&quot;custom&quot;,&quot;wishlist_class&quot;:&quot;wlfmc-default-table add-to-card-same-button qty-same-button&quot;,&quot;wishlist_header_class&quot;:&quot;wlfmc-default-table-header&quot;,&quot;wishlist_pagination_class&quot;:&quot;wishlist-pagination&quot;,&quot;share_enabled&quot;:false,&quot;template_part&quot;:&quot;view&quot;,&quot;additional_info&quot;:false,&quot;available_multi_list&quot;:false,&quot;gdpr_enable&quot;:false,&quot;unsubscribed&quot;:false,&quot;users_wishlists&quot;:&quot;&quot;,&quot;redirect_to_cart&quot;:&quot;1&quot;,&quot;form_action&quot;:&quot;https:\\\/\\\/naki.pt\\\/en\\\/wishlist\\\/&quot;,&quot;item&quot;:&quot;wishlist&quot;}\" data-fragment-ref=\"wishlist\">\n\t\n\t\n\t\n\t\n\t<div class=\"wlfmc-wishlist-table-wrapper\">\n\n\t\t\n\t\t<table\n\t\t\tclass=\"wlfmc-wishlist-table wlfmc-wishlist-items-wrapper wlfmc-list   view-mode-list  wlfmc-default-table add-to-card-same-button qty-same-button\"\n\t\t\tdata-pagination=\"1\"\n\t\t\tdata-per-page=\"5\"\n\t\t\tdata-page=\"1\"\n\t\t\tdata-id=\"\"\n\t\t\tdata-wishlist-type=\"\"\n\t\t\tdata-customer-id=\"\"\n\t\t\tdata-is-owner=\"\"\n\t\t\tdata-token=\"\"\n\t\t\tdata-nonce=\"adf9fde6c8\">\n\t\t\t<tbody class=\"wishlist-items-wrapper wishlist-empty\">\n\n\t\t\t\t\t\t\t<tr class=\"wishlist-empty-row\">\n\t\t\t\t\t<td colspan=\"3\" class=\"last-column\">\n\t\t\t\t\t\t<img decoding=\"async\" class=\"empty-image\" src=\"https:\/\/naki.pt\/wp-content\/plugins\/smart-wishlist-for-more-convert\/assets\/frontend\/images\/empty-wishlist.svg\" width=\"400\" height=\"216\"><h3 class=\"empty-title\">A SUA WISHLIST EST\u00c1 VAZIA!<\/h3><div class=\"empty-content\"><p>Ainda n\u00e3o adicionou produtos \u00e0 sua Wishlist.<\/p><\/div><a href=\"https:\/\/naki.pt\/en\/loja\/\" class=\"wc-forward button empty-button\">Go to the store<\/a>\t\t\t\t\t<\/td>\n\t\t\t\t<\/tr>\n\t\t\t\t\t\t<\/tbody>\n\t\t\t<tfoot class=\"wlfmc-wishlist-footer\">\n\t\t\t\t\t\t\n\t\t\t\n\t\t\t\n\t\t\t\n\t\t\t\n\t\t\t\n\t\t\t<\/tfoot>\n\t\t<\/table>\n\n\t\t\n\t\t\n\t\t\n\t<\/div>\n<\/form>\n\n\n[\/et_pb_text][\/et_pb_column]\n\t\t\t[\/et_pb_row]\n\t\t[\/et_pb_section]","protected":false},"excerpt":{"rendered":"<form id=\"wlfmc-wishlist-form\" action=\"https:\/\/naki.pt\/en\/wishlist\/\" method=\"post\" class=\"wlfmc-wishlist-form wlfmc-wishlist-2 wlfmc-wishlist-fragment woocommerce on-first-load\" data-fragment-options=\"{&quot;unique_id&quot;:&quot;2&quot;,&quot;is_elementor&quot;:false,&quot;has_access&quot;:true,&quot;wishlist_id&quot;:false,&quot;action_params&quot;:false,&quot;per_page&quot;:&quot;5&quot;,&quot;current_page&quot;:1,&quot;pagination&quot;:true,&quot;wishlist_url&quot;:&quot;https:\\\/\\\/naki.pt\\\/en\\\/wishlist\\\/&quot;,&quot;no_interactions&quot;:false,&quot;items_show&quot;:&quot;product-checkbox,product-name,product-review,product-thumbnail,product-variation,product-price,product-add-to-cart,product-remove&quot;,&quot;total_price_mode&quot;:&quot;classic&quot;,&quot;total_position&quot;:&quot;below-action-bar&quot;,&quot;enable_layout_toggle&quot;:false,&quot;product_move&quot;:false,&quot;product_copy&quot;:false,&quot;move_all_to_list_label&quot;:&quot;Move all to list&quot;,&quot;copy_all_to_list_label&quot;:&quot;Copy all to list&quot;,&quot;show_total_price&quot;:false,&quot;enable_drag_n_drop&quot;:false,&quot;is_cache_enabled&quot;:&quot;1&quot;,&quot;wishlist_page_title&quot;:&quot;Wishlist&quot;,&quot;view_mode&quot;:&quot;list&quot;,&quot;button_add_to_cart_style&quot;:&quot;1&quot;,&quot;qty_style&quot;:&quot;1&quot;,&quot;pagination_style&quot;:&quot;1&quot;,&quot;custom_template&quot;:&quot;&quot;,&quot;enable_actions&quot;:false,&quot;enable_all_add_to_cart&quot;:true,&quot;enable_share&quot;:&quot;1&quot;,&quot;share_position&quot;:&quot;after_table&quot;,&quot;share_items&quot;:&quot;facebook,messenger,whatsapp,telegram,email,pdf&quot;,&quot;socials_title&quot;:&quot;Minha Wishlist na loja Naki Handmade&quot;,&quot;login_notice&quot;:false,&quot;base_url&quot;:&quot;&quot;,&quot;wishlist&quot;:false,&quot;wishlist_token&quot;:&quot;&quot;,&quot;is_private&quot;:false,&quot;count&quot;:0,&quot;wishlist_items&quot;:&quot;&quot;,&quot;page_links&quot;:false,&quot;is_user_logged_in&quot;:false,&quot;is_user_owner&quot;:false,&quot;merge_lists&quot;:false,&quot;popup_vertical&quot;:&quot;center&quot;,&quot;popup_horizontal&quot;:&quot;center&quot;,&quot;empty_wishlist_title&quot;:&quot;A SUA WISHLIST EST\\u00c1 VAZIA!&quot;,&quot;empty_wishlist_content&quot;:&quot;&lt;p&gt;Ainda n\\u00e3o adicionou produtos \\u00e0 sua Wishlist.&lt;\\\/p&gt;&quot;,&quot;tooltip_class&quot;:&quot; wlfmc-tooltip wlfmc-tooltip-top&quot;,&quot;tooltip_type&quot;:&quot;custom&quot;,&quot;wishlist_class&quot;:&quot;wlfmc-default-table add-to-card-same-button qty-same-button&quot;,&quot;wishlist_header_class&quot;:&quot;wlfmc-default-table-header&quot;,&quot;wishlist_pagination_class&quot;:&quot;wishlist-pagination&quot;,&quot;share_enabled&quot;:false,&quot;template_part&quot;:&quot;view&quot;,&quot;additional_info&quot;:false,&quot;available_multi_list&quot;:false,&quot;gdpr_enable&quot;:false,&quot;unsubscribed&quot;:false,&quot;users_wishlists&quot;:&quot;&quot;,&quot;redirect_to_cart&quot;:&quot;1&quot;,&quot;form_action&quot;:&quot;https:\\\/\\\/naki.pt\\\/en\\\/wishlist\\\/&quot;,&quot;item&quot;:&quot;wishlist&quot;}\" data-fragment-ref=\"wishlist\" data-trp-original-action=\"https:\/\/naki.pt\/en\/wishlist\/\">\n\t\n\t\n\t\n\t\n\t<div class=\"wlfmc-wishlist-table-wrapper\">\n\n\t\t\n\t\t<table\n\t\t\tclass=\"wlfmc-wishlist-table wlfmc-wishlist-items-wrapper wlfmc-list   view-mode-list  wlfmc-default-table add-to-card-same-button qty-same-button\"\n\t\t\tdata-pagination=\"1\"\n\t\t\tdata-per-page=\"5\"\n\t\t\tdata-page=\"1\"\n\t\t\tdata-id=\"\"\n\t\t\tdata-wishlist-type=\"\"\n\t\t\tdata-customer-id=\"\"\n\t\t\tdata-is-owner=\"\"\n\t\t\tdata-token=\"\"\n\t\t\tdata-nonce=\"adf9fde6c8\">\n\t\t\t<tbody class=\"wishlist-items-wrapper wishlist-empty\">\n\n\t\t\t\t\t\t\t<tr class=\"wishlist-empty-row\">\n\t\t\t\t\t<td colspan=\"3\" class=\"last-column\">\n\t\t\t\t\t\t<img decoding=\"async\" class=\"empty-image\" src=\"https:\/\/naki.pt\/wp-content\/plugins\/smart-wishlist-for-more-convert\/assets\/frontend\/images\/empty-wishlist.svg\" width=\"400\" height=\"216\"><h3 class=\"empty-title\">YOUR WISHLIST IS EMPTY!<\/h3><div class=\"empty-content\"><p>You haven't added any products to your Wishlist yet.<\/p><\/div><a href=\"https:\/\/naki.pt\/en\/loja\/\" class=\"wc-forward button empty-button\" data-no-translation=\"\" data-trp-gettext=\"\">Go to the store<\/a>\t\t\t\t\t<\/td>\n\t\t\t\t<\/tr>\n\t\t\t\t\t\t<\/tbody>\n\t\t\t<tfoot class=\"wlfmc-wishlist-footer\">\n\t\t\t\t\t\t\n\t\t\t\n\t\t\t\n\t\t\t\n\t\t\t\n\t\t\t\n\t\t\t<\/tfoot>\n\t\t<\/table>\n\n\t\t\n\t\t\n\t\t\n\t<\/div>\n<input type=\"hidden\" name=\"trp-form-language\" value=\"en\"\/><\/form>","protected":false},"author":1,"featured_media":0,"parent":0,"menu_order":0,"comment_status":"closed","ping_status":"closed","template":"","meta":{"_et_pb_use_builder":"on","_et_pb_old_content":"<!-- wp:shortcode -->\n[wlfmc_wishlist]\n<!-- \/wp:shortcode -->","_et_gb_content_width":"1080","footnotes":""},"class_list":["post-257434","page","type-page","status-publish","hentry"],"yoast_head":"<!-- This site is optimized with the Yoast SEO plugin v27.3 - https:\/\/yoast.com\/product\/yoast-seo-wordpress\/ -->\n<title>home - Unique, Handcrafted Dog Collars &amp; Leashes<\/title>\n<meta name=\"robots\" content=\"index, follow, max-snippet:-1, max-image-preview:large, max-video-preview:-1\" \/>\n<link rel=\"canonical\" href=\"https:\/\/naki.pt\/en\/wishlist\/\" \/>\n<meta property=\"og:locale\" content=\"en_GB\" \/>\n<meta property=\"og:type\" content=\"article\" \/>\n<meta property=\"og:title\" content=\"Wishlist - Naki\" \/>\n<meta property=\"og:url\" content=\"https:\/\/naki.pt\/en\/wishlist\/\" \/>\n<meta property=\"og:site_name\" content=\"Naki\" \/>\n<meta property=\"article:publisher\" content=\"https:\/\/www.facebook.com\/share\/171zBr92E7\/\" \/>\n<meta property=\"article:modified_time\" content=\"2026-02-05T11:07:14+00:00\" \/>\n<meta name=\"twitter:card\" content=\"summary_large_image\" \/>\n<meta name=\"twitter:description\" content=\"[wlfmc_wishlist]\" \/>\n<script type=\"application\/ld+json\" class=\"yoast-schema-graph\">{\"@context\":\"https:\\\/\\\/schema.org\",\"@graph\":[{\"@type\":\"WebPage\",\"@id\":\"https:\\\/\\\/naki.pt\\\/wishlist\\\/\",\"url\":\"https:\\\/\\\/naki.pt\\\/wishlist\\\/\",\"name\":\"Wishlist - Naki\",\"isPartOf\":{\"@id\":\"https:\\\/\\\/naki.pt\\\/#website\"},\"datePublished\":\"2024-04-10T14:23:46+00:00\",\"dateModified\":\"2026-02-05T11:07:14+00:00\",\"breadcrumb\":{\"@id\":\"https:\\\/\\\/naki.pt\\\/wishlist\\\/#breadcrumb\"},\"inLanguage\":\"en-GB\",\"potentialAction\":[{\"@type\":\"ReadAction\",\"target\":[\"https:\\\/\\\/naki.pt\\\/wishlist\\\/\"]}]},{\"@type\":\"BreadcrumbList\",\"@id\":\"https:\\\/\\\/naki.pt\\\/wishlist\\\/#breadcrumb\",\"itemListElement\":[{\"@type\":\"ListItem\",\"position\":1,\"name\":\"In\u00edcio\",\"item\":\"https:\\\/\\\/naki.pt\\\/\"},{\"@type\":\"ListItem\",\"position\":2,\"name\":\"Wishlist\"}]},{\"@type\":\"WebSite\",\"@id\":\"https:\\\/\\\/naki.pt\\\/#website\",\"url\":\"https:\\\/\\\/naki.pt\\\/\",\"name\":\"Coleiras artesanais de couro genu\u00edno e missangas de cer\u00e2mica produzidas pelas Mama Maasai, do Qu\u00e9nia.\",\"description\":\"Unique, Handcrafted Dog Collars &amp; Leashes\",\"publisher\":{\"@id\":\"https:\\\/\\\/naki.pt\\\/#organization\"},\"alternateName\":\"Handmade genuine leather collars and ceramic beads produced by the Mama Maasai women of Kenya.\",\"potentialAction\":[{\"@type\":\"SearchAction\",\"target\":{\"@type\":\"EntryPoint\",\"urlTemplate\":\"https:\\\/\\\/naki.pt\\\/?s={search_term_string}\"},\"query-input\":{\"@type\":\"PropertyValueSpecification\",\"valueRequired\":true,\"valueName\":\"search_term_string\"}}],\"inLanguage\":\"en-GB\"},{\"@type\":\"Organization\",\"@id\":\"https:\\\/\\\/naki.pt\\\/#organization\",\"name\":\"Naki Handmade\",\"alternateName\":\"Naki\",\"url\":\"https:\\\/\\\/naki.pt\\\/\",\"logo\":{\"@type\":\"ImageObject\",\"inLanguage\":\"en-GB\",\"@id\":\"https:\\\/\\\/naki.pt\\\/#\\\/schema\\\/logo\\\/image\\\/\",\"url\":\"https:\\\/\\\/naki.pt\\\/wp-content\\\/uploads\\\/2024\\\/02\\\/logo.jpg\",\"contentUrl\":\"https:\\\/\\\/naki.pt\\\/wp-content\\\/uploads\\\/2024\\\/02\\\/logo.jpg\",\"width\":93,\"height\":121,\"caption\":\"Naki Handmade\"},\"image\":{\"@id\":\"https:\\\/\\\/naki.pt\\\/#\\\/schema\\\/logo\\\/image\\\/\"},\"sameAs\":[\"https:\\\/\\\/www.facebook.com\\\/share\\\/171zBr92E7\\\/\",\"https:\\\/\\\/www.instagram.com\\\/itsnaki.pt\",\"https:\\\/\\\/pt.pinterest.com\\\/nakihandmade\"]}]}<\/script>\n<!-- \/ Yoast SEO plugin. -->","yoast_head_json":{"title":"home - Unique, Handcrafted Dog Collars &amp; Leashes","robots":{"index":"index","follow":"follow","max-snippet":"max-snippet:-1","max-image-preview":"max-image-preview:large","max-video-preview":"max-video-preview:-1"},"canonical":"https:\/\/naki.pt\/en\/wishlist\/","og_locale":"en_GB","og_type":"article","og_title":"Wishlist - Naki","og_url":"https:\/\/naki.pt\/en\/wishlist\/","og_site_name":"Naki","article_publisher":"https:\/\/www.facebook.com\/share\/171zBr92E7\/","article_modified_time":"2026-02-05T11:07:14+00:00","twitter_card":"summary_large_image","twitter_description":"[wlfmc_wishlist]","schema":{"@context":"https:\/\/schema.org","@graph":[{"@type":"WebPage","@id":"https:\/\/naki.pt\/wishlist\/","url":"https:\/\/naki.pt\/wishlist\/","name":"Wishlist - Naki","isPartOf":{"@id":"https:\/\/naki.pt\/#website"},"datePublished":"2024-04-10T14:23:46+00:00","dateModified":"2026-02-05T11:07:14+00:00","breadcrumb":{"@id":"https:\/\/naki.pt\/wishlist\/#breadcrumb"},"inLanguage":"en-GB","potentialAction":[{"@type":"ReadAction","target":["https:\/\/naki.pt\/wishlist\/"]}]},{"@type":"BreadcrumbList","@id":"https:\/\/naki.pt\/wishlist\/#breadcrumb","itemListElement":[{"@type":"ListItem","position":1,"name":"In\u00edcio","item":"https:\/\/naki.pt\/"},{"@type":"ListItem","position":2,"name":"Wishlist"}]},{"@type":"WebSite","@id":"https:\/\/naki.pt\/#website","url":"https:\/\/naki.pt\/","name":"Handmade collars made of genuine leather and ceramic beads made by the Mama Maasai of Kenya.","description":"Unique, Handcrafted Dog Collars &amp; Leashes","publisher":{"@id":"https:\/\/naki.pt\/#organization"},"alternateName":"Handmade genuine leather collars and ceramic beads produced by the Mama Maasai women of Kenya.","potentialAction":[{"@type":"SearchAction","target":{"@type":"EntryPoint","urlTemplate":"https:\/\/naki.pt\/?s={search_term_string}"},"query-input":{"@type":"PropertyValueSpecification","valueRequired":true,"valueName":"search_term_string"}}],"inLanguage":"en-GB"},{"@type":"Organization","@id":"https:\/\/naki.pt\/#organization","name":"Naki Handmade","alternateName":"Naki","url":"https:\/\/naki.pt\/","logo":{"@type":"ImageObject","inLanguage":"en-GB","@id":"https:\/\/naki.pt\/#\/schema\/logo\/image\/","url":"https:\/\/naki.pt\/wp-content\/uploads\/2024\/02\/logo.jpg","contentUrl":"https:\/\/naki.pt\/wp-content\/uploads\/2024\/02\/logo.jpg","width":93,"height":121,"caption":"Naki Handmade"},"image":{"@id":"https:\/\/naki.pt\/#\/schema\/logo\/image\/"},"sameAs":["https:\/\/www.facebook.com\/share\/171zBr92E7\/","https:\/\/www.instagram.com\/itsnaki.pt","https:\/\/pt.pinterest.com\/nakihandmade"]}]}},"_links":{"self":[{"href":"https:\/\/naki.pt\/en\/wp-json\/wp\/v2\/pages\/257434","targetHints":{"allow":["GET"]}}],"collection":[{"href":"https:\/\/naki.pt\/en\/wp-json\/wp\/v2\/pages"}],"about":[{"href":"https:\/\/naki.pt\/en\/wp-json\/wp\/v2\/types\/page"}],"author":[{"embeddable":true,"href":"https:\/\/naki.pt\/en\/wp-json\/wp\/v2\/users\/1"}],"replies":[{"embeddable":true,"href":"https:\/\/naki.pt\/en\/wp-json\/wp\/v2\/comments?post=257434"}],"version-history":[{"count":1,"href":"https:\/\/naki.pt\/en\/wp-json\/wp\/v2\/pages\/257434\/revisions"}],"predecessor-version":[{"id":260031,"href":"https:\/\/naki.pt\/en\/wp-json\/wp\/v2\/pages\/257434\/revisions\/260031"}],"wp:attachment":[{"href":"https:\/\/naki.pt\/en\/wp-json\/wp\/v2\/media?parent=257434"}],"curies":[{"name":"wp","href":"https:\/\/api.w.org\/{rel}","templated":true}]}}